{"id":176,"date":"2025-04-03T09:22:20","date_gmt":"2025-04-03T07:22:20","guid":{"rendered":"https:\/\/goodlifeland.com\/?page_id=176"},"modified":"2025-06-04T19:42:07","modified_gmt":"2025-06-04T17:42:07","slug":"gemeinschaftswerke","status":"publish","type":"page","link":"https:\/\/goodlifeland.com\/?page_id=176","title":{"rendered":"Dein Projekt, unsere gemeinsame Mission"},"content":{"rendered":"\n<div class=\"wp-block-group alignfull has-global-padding is-content-justification-center is-layout-constrained wp-container-core-group-is-layout-c3dbfcdf wp-block-group-is-layout-constrained\" style=\"padding-top:var(--wp--preset--spacing--50);padding-right:var(--wp--preset--spacing--50);padding-bottom:var(--wp--preset--spacing--50);padding-left:var(--wp--preset--spacing--50)\">\n<div class=\"wp-block-group alignwide has-base-2-background-color has-background has-small-font-size has-global-padding is-layout-constrained wp-container-core-group-is-layout-52009084 wp-block-group-is-layout-constrained\" style=\"border-radius:16px;padding-top:var(--wp--preset--spacing--40);padding-right:var(--wp--preset--spacing--40);padding-bottom:var(--wp--preset--spacing--40);padding-left:var(--wp--preset--spacing--40);background-position:45% 0%;background-repeat:no-repeat;background-size:contain;\">\n<div class=\"wp-block-group alignwide is-vertical is-content-justification-stretch is-layout-flex wp-container-core-group-is-layout-36938b08 wp-block-group-is-layout-flex\">\n<div class=\"wp-block-group alignwide has-primary-color has-text-color has-link-color has-inter-tight-font-family has-small-font-size wp-elements-4307b1f56d7809c5c5e84d292ff1c907 is-vertical is-content-justification-stretch is-layout-flex wp-container-core-group-is-layout-353c4f5a wp-block-group-is-layout-flex\" style=\"text-transform:none\">\n<p>Du hast eine Idee \u2013 eine vage Vorstellung oder ein klares Bild vor Augen? Doch dir fehlen die richtigen Werkzeuge, das handwerkliche Know-how oder einfach jemand, der dich auf dem Weg begleitet? Genau daf\u00fcr bin ich da.<\/p>\n\n\n\n<p>Ob ein ma\u00dfgeschneidertes M\u00f6belst\u00fcck, die Neugestaltung eines Raums oder sogar der Bau eines Tiny Houses \u2013 ich stehe dir mit meinem Wissen, handwerklichem Geschick und kreativer Erfahrung zur Seite. Du bringst den Gedanken, ich die M\u00f6glichkeiten. Gemeinsam formen wir deine Idee, Schritt f\u00fcr Schritt, mit gef\u00fchrter Hand.<\/p>\n\n\n\n<p>Du buchst nicht nur Unterst\u00fctzung, sondern eine Zusammenarbeit, in der du lernst, verstehst und am Ende dein eigenes Werk in den H\u00e4nden h\u00e4ltst \u2013 mit Charakter, Bestand und Seele.<\/p>\n\n\n\n<p><\/p>\n<\/div>\n<\/div>\n<\/div>\n\n\n\n<div style=\"height:var(--wp--preset--spacing--10)\" aria-hidden=\"true\" class=\"wp-block-spacer\"><\/div>\n\n\n\n<div class=\"wp-block-group alignwide has-global-padding is-layout-constrained wp-container-core-group-is-layout-7db9d80f wp-block-group-is-layout-constrained\" style=\"padding-right:0;padding-left:0\">\n<div class=\"wp-block-columns alignwide is-layout-flex wp-container-core-columns-is-layout-28f84493 wp-block-columns-is-layout-flex\">\n<div class=\"wp-block-column is-layout-flow wp-block-column-is-layout-flow\">\n<h3 class=\"wp-block-heading has-text-align-center has-x-large-font-size\">5<\/h3>\n\n\n\n<p class=\"has-text-align-center\">verschiedene L\u00e4ndern<\/p>\n<\/div>\n\n\n\n<div class=\"wp-block-column is-layout-flow wp-block-column-is-layout-flow\">\n<h3 class=\"wp-block-heading has-text-align-center has-x-large-font-size\">36<\/h3>\n\n\n\n<p class=\"has-text-align-center\">Gemeinschaftswerke<\/p>\n<\/div>\n\n\n\n<div class=\"wp-block-column is-layout-flow wp-block-column-is-layout-flow\">\n<h3 class=\"wp-block-heading has-text-align-center is-style-default has-x-large-font-size\">10<\/h3>\n\n\n\n<p class=\"has-text-align-center\">Jahr am Gestalten<\/p>\n<\/div>\n<\/div>\n<\/div>\n<\/div>\n\n\n\n<div class=\"wp-block-group alignfull has-contrast-color has-accent-5-background-color has-text-color has-background has-link-color wp-elements-c695571bc741991ca8de75cb57f8c68d has-global-padding is-layout-constrained wp-container-core-group-is-layout-d89aad35 wp-block-group-is-layout-constrained\" style=\"margin-top:0;margin-bottom:0;padding-top:var(--wp--preset--spacing--50);padding-right:var(--wp--preset--spacing--50);padding-bottom:var(--wp--preset--spacing--50);padding-left:var(--wp--preset--spacing--50)\">\n<div class=\"wp-block-columns alignwide are-vertically-aligned-center is-layout-flex wp-container-core-columns-is-layout-47c06fe3 wp-block-columns-is-layout-flex\">\n<div class=\"wp-block-column is-vertically-aligned-center is-layout-flow wp-block-column-is-layout-flow\" style=\"flex-basis:50%\">\n<h2 class=\"wp-block-heading\">Buche mich f\u00fcr dein Vorhaben.<\/h2>\n\n\n\n<p>Alles beginnt mit einer Idee. Gemeinsam formen wir sie, geben ihr Gestalt und setzen sie um. Egal, ob du deine K\u00fcche neugestalten m\u00f6chtest, ein Baumhaus baust oder eine ausgefallene Design-Idee hast \u2013 ich begleite dich von der ersten Skizze bis zur Fertigstellung.<\/p>\n\n\n\n<div class=\"wp-block-buttons is-layout-flex wp-block-buttons-is-layout-flex\">\n<div class=\"wp-block-button is-style-fill\"><a class=\"wp-block-button__link wp-element-button\" href=\"https:\/\/goodlifeland.com\/?page_id=26\">Anfrage f\u00fcr unser Projekt<\/a><\/div>\n<\/div>\n<\/div>\n\n\n\n<div class=\"wp-block-column is-vertically-aligned-center is-layout-flow wp-block-column-is-layout-flow\" style=\"flex-basis:50%\">\n<figure class=\"wp-block-image aligncenter size-full is-resized has-custom-border is-style-default wp-duotone-unset-1\" style=\"margin-top:0;margin-bottom:0\"><img loading=\"lazy\" decoding=\"async\" width=\"2806\" height=\"1935\" src=\"https:\/\/goodlifeland.com\/wp-content\/uploads\/2025\/06\/img_7374-edited.jpg\" alt=\"\" class=\"wp-image-486\" style=\"border-style:none;border-width:0px;border-radius:0px;aspect-ratio:1.7777777777777777;object-fit:cover;width:521px;height:auto\" srcset=\"https:\/\/goodlifeland.com\/wp-content\/uploads\/2025\/06\/img_7374-edited.jpg 2806w, https:\/\/goodlifeland.com\/wp-content\/uploads\/2025\/06\/img_7374-edited-300x207.jpg 300w, https:\/\/goodlifeland.com\/wp-content\/uploads\/2025\/06\/img_7374-edited-1024x706.jpg 1024w, https:\/\/goodlifeland.com\/wp-content\/uploads\/2025\/06\/img_7374-edited-2000x1379.jpg 2000w\" sizes=\"auto, (max-width: 2806px) 100vw, 2806px\" \/><\/figure>\n<\/div>\n<\/div>\n<\/div>\n\n\n\n<div class=\"wp-block-group alignfull is-style-section-3 has-global-padding is-content-justification-center is-layout-constrained wp-container-core-group-is-layout-ad781b73 wp-block-group-is-layout-constrained\" style=\"margin-top:0;margin-bottom:0;padding-top:var(--wp--preset--spacing--50);padding-bottom:var(--wp--preset--spacing--50)\">\n<h2 class=\"wp-block-heading alignwide has-text-align-left\">&#8222;Material. Wissen. Netzwerk. \u2013 Alles f\u00fcr dein Projekt.&#8220;<\/h2>\n\n\n\n<div class=\"wp-block-group alignwide is-layout-flow wp-container-core-group-is-layout-8a368f38 wp-block-group-is-layout-flow\">\n<div class=\"wp-block-columns alignwide is-layout-flex wp-container-core-columns-is-layout-c6809a2b wp-block-columns-is-layout-flex\">\n<div class=\"wp-block-column is-layout-flow wp-block-column-is-layout-flow\" style=\"padding-top:24px;padding-bottom:24px\">\n<h3 class=\"wp-block-heading alignwide has-text-align-left is-service-name\">Expertise auf Abruf.<\/h3>\n<\/div>\n\n\n\n<div class=\"wp-block-column is-layout-flow wp-block-column-is-layout-flow\">\n<div class=\"wp-block-group alignwide is-layout-flow wp-block-group-is-layout-flow\" style=\"border-bottom-width:1px;padding-top:40px;padding-bottom:40px\">\n<p class=\"is-service-description\">Jede Idee hat ihre Herausforderungen. Aber f\u00fcr jede Herausforderung gibt es die richtige Fachkraft. Von Schreinern \u00fcber Schwei\u00dfer bis hin zu B\u00fchnenbildnern und Requisiteuren \u2013 ich kann auf ein breites Netzwerk zur\u00fcckgreifen, das dein Projekt mit Fachwissen und handwerklichem K\u00f6nnen bereichert.<\/p>\n<\/div>\n<\/div>\n<\/div>\n\n\n\n<div class=\"wp-block-columns alignwide is-layout-flex wp-container-core-columns-is-layout-c6809a2b wp-block-columns-is-layout-flex\">\n<div class=\"wp-block-column is-layout-flow wp-block-column-is-layout-flow\" style=\"padding-top:24px;padding-bottom:24px\">\n<h3 class=\"wp-block-heading alignwide has-text-align-left is-service-name\">Von der Idee zur Realit\u00e4t.<\/h3>\n<\/div>\n\n\n\n<div class=\"wp-block-column is-layout-flow wp-block-column-is-layout-flow\">\n<div class=\"wp-block-group alignwide is-layout-flow wp-block-group-is-layout-flow\" style=\"border-bottom-width:1px;padding-top:40px;padding-bottom:40px\">\n<p class=\"is-service-description\">Du tr\u00e4umst von einem Tiny House, einer besonderen Inneneinrichtung oder einem ma\u00dfgeschneiderten M\u00f6belst\u00fcck? Ich begleite dich nicht nur mit meinem Know-how, sondern auch mit den richtigen Materialien und Kontakten. Vom Maurer bis zum Designer \u2013 dein Projekt bekommt genau die Unterst\u00fctzung, die es verdient.<\/p>\n<\/div>\n<\/div>\n<\/div>\n\n\n\n<div class=\"wp-block-columns alignwide is-layout-flex wp-container-core-columns-is-layout-c6809a2b wp-block-columns-is-layout-flex\">\n<div class=\"wp-block-column is-layout-flow wp-block-column-is-layout-flow\" style=\"padding-top:24px;padding-bottom:24px\">\n<h3 class=\"wp-block-heading alignwide has-text-align-left is-service-name\">Werkzeug &amp; Anleitung<\/h3>\n<\/div>\n\n\n\n<div class=\"wp-block-column is-layout-flow wp-block-column-is-layout-flow\">\n<div class=\"wp-block-group alignwide is-layout-flow wp-block-group-is-layout-flow\" style=\"border-bottom-width:1px;padding-top:40px;padding-bottom:40px\">\n<p class=\"is-service-description\">Ob du eine eigene M\u00f6belidee verwirklichen, einen Raum umgestalten oder etwas v\u00f6llig Neues erschaffen m\u00f6chtest \u2013 ich bringe das n\u00f6tige Werkzeug mit und begleite dich durch den gesamten kreativen Prozess. DIY mit gef\u00fchrter Hand \u2013 du lernst, verstehst und setzt um.<\/p>\n<\/div>\n<\/div>\n<\/div>\n\n\n\n<div class=\"wp-block-columns alignwide is-layout-flex wp-container-core-columns-is-layout-c6809a2b wp-block-columns-is-layout-flex\">\n<div class=\"wp-block-column is-layout-flow wp-block-column-is-layout-flow\" style=\"padding-top:24px;padding-bottom:24px\">\n<h3 class=\"wp-block-heading alignwide has-text-align-left is-service-name\">Materialien? Kein Problem.<\/h3>\n<\/div>\n\n\n\n<div class=\"wp-block-column is-layout-flow wp-block-column-is-layout-flow\">\n<div class=\"wp-block-group alignwide is-layout-flow wp-block-group-is-layout-flow\" style=\"border-bottom-width:1px;padding-top:40px;padding-bottom:40px\">\n<p class=\"is-service-description\">\u00dcber Jahre hinweg habe ich nicht nur Werkstoffe gesammelt, sondern auch ein Netzwerk aus Spezialisten aufgebaut. Egal ob Holz, Metall, Glas oder ausgefallene Materialien \u2013 ich finde, was du brauchst. Und wenn nicht, kenne ich jemanden, der es hat.<\/p>\n<\/div>\n<\/div>\n<\/div>\n\n\n\n<div class=\"wp-block-columns alignwide is-layout-flex wp-container-core-columns-is-layout-c6809a2b wp-block-columns-is-layout-flex\">\n<div class=\"wp-block-column is-layout-flow wp-block-column-is-layout-flow\" style=\"padding-top:24px;padding-bottom:24px\">\n<h3 class=\"wp-block-heading alignwide has-text-align-left is-service-name\">Transport &amp; Logistik \u2013 Dein Projekt bleibt mobil.<\/h3>\n<\/div>\n\n\n\n<div class=\"wp-block-column is-layout-flow wp-block-column-is-layout-flow\">\n<div class=\"wp-block-group alignwide is-layout-flow wp-block-group-is-layout-flow\" style=\"border-bottom-width:1px;padding-top:40px;padding-bottom:40px\">\n<p class=\"is-service-description\">Dein Werkst\u00fcck ist gro\u00df oder schwer? Kein Problem. Ich helfe dir nicht nur beim Bau, sondern auch bei der Organisation von Transport und Logistik. Ob Lieferung, Montage oder passender Transportweg \u2013 wir finden eine L\u00f6sung, damit dein Projekt sicher an seinen Bestimmungsort gelangt.<\/p>\n<\/div>\n<\/div>\n<\/div>\n<\/div>\n<\/div>\n\n\n\n<div class=\"wp-block-group alignfull has-global-padding is-layout-constrained wp-container-core-group-is-layout-d89aad35 wp-block-group-is-layout-constrained\" style=\"margin-top:0;margin-bottom:0;padding-top:var(--wp--preset--spacing--50);padding-right:var(--wp--preset--spacing--50);padding-bottom:var(--wp--preset--spacing--50);padding-left:var(--wp--preset--spacing--50)\">\n<div class=\"wp-block-group alignwide has-base-2-background-color has-background has-global-padding is-layout-constrained wp-container-core-group-is-layout-39412042 wp-block-group-is-layout-constrained\" style=\"border-radius:16px;padding-top:var(--wp--preset--spacing--40);padding-right:var(--wp--preset--spacing--50);padding-bottom:var(--wp--preset--spacing--40);padding-left:var(--wp--preset--spacing--50)\">\n<div style=\"height:var(--wp--preset--spacing--10)\" aria-hidden=\"true\" class=\"wp-block-spacer\"><\/div>\n\n\n\n<h2 class=\"wp-block-heading has-text-align-center has-large-font-size\">\u201eFundgrube mit Geschichte \u2013 Dein Recycling-Baumarkt\u201c<\/h2>\n\n\n\n<p class=\"has-text-align-center\">Ich bin st\u00e4ndig auf der Suche nach neuen Ressourcen und dem guten alten Zeug \u2013 Materialien mit Charakter, mit Vergangenheit und Zukunft. Langfristig soll hier ein Lager entstehen, ein Ort voller M\u00f6glichkeiten, wo ausgediente Werkstoffe auf neue Ideen treffen.<\/p>\n\n\n\n<p class=\"has-text-align-center\">Du hast \u00fcbrig gebliebenes Material? Dann schenke ihm ein neues Leben. Was f\u00fcr den einen Abfall ist, kann f\u00fcr den anderen der Anfang eines gro\u00dfartigen Projekts sein.<\/p>\n\n\n\n<div class=\"wp-block-buttons is-content-justification-center is-layout-flex wp-container-core-buttons-is-layout-a89b3969 wp-block-buttons-is-layout-flex\">\n<div class=\"wp-block-button\"><a class=\"wp-block-button__link wp-element-button\" href=\"https:\/\/wpmeetupdemo.wordpress.com\/contact\/\">Kontaktiere mich<\/a><\/div>\n<\/div>\n\n\n\n<div style=\"height:var(--wp--preset--spacing--10)\" aria-hidden=\"true\" class=\"wp-block-spacer\"><\/div>\n<\/div>\n<\/div>\n\n\n\n<div class=\"wp-block-group has-global-padding is-layout-constrained wp-container-core-group-is-layout-f611be13 wp-block-group-is-layout-constrained\" style=\"padding-top:var(--wp--preset--spacing--50);padding-right:var(--wp--preset--spacing--50);padding-bottom:var(--wp--preset--spacing--50);padding-left:var(--wp--preset--spacing--50)\">\n<div class=\"wp-block-group alignwide is-vertical is-layout-flex wp-container-core-group-is-layout-a4f8cc12 wp-block-group-is-layout-flex\" style=\"padding-right:0;padding-left:0\">\n<div class=\"wp-block-group alignwide is-content-justification-space-between is-nowrap is-layout-flex wp-container-core-group-is-layout-cb46ffcb wp-block-group-is-layout-flex\">\n<figure class=\"wp-block-image size-full wp-duotone-unset-2\"><img loading=\"lazy\" decoding=\"async\" width=\"4032\" height=\"3024\" src=\"https:\/\/goodlifeland.com\/wp-content\/uploads\/2025\/04\/img_0589.jpg\" alt=\"\" class=\"wp-image-159\" style=\"aspect-ratio:1;object-fit:cover\" srcset=\"https:\/\/goodlifeland.com\/wp-content\/uploads\/2025\/04\/img_0589.jpg 4032w, https:\/\/goodlifeland.com\/wp-content\/uploads\/2025\/04\/img_0589-300x225.jpg 300w, https:\/\/goodlifeland.com\/wp-content\/uploads\/2025\/04\/img_0589-1024x768.jpg 1024w, https:\/\/goodlifeland.com\/wp-content\/uploads\/2025\/04\/img_0589-2000x1500.jpg 2000w\" sizes=\"auto, (max-width: 4032px) 100vw, 4032px\" \/><\/figure>\n\n\n\n<figure class=\"wp-block-image size-full\"><img loading=\"lazy\" decoding=\"async\" width=\"3024\" height=\"4032\" src=\"https:\/\/goodlifeland.com\/wp-content\/uploads\/2025\/04\/F456DE2C-705F-4480-AB85-FED3CA773938.jpeg\" alt=\"\" class=\"wp-image-192\" style=\"aspect-ratio:1;object-fit:cover\" srcset=\"https:\/\/goodlifeland.com\/wp-content\/uploads\/2025\/04\/F456DE2C-705F-4480-AB85-FED3CA773938.jpeg 3024w, https:\/\/goodlifeland.com\/wp-content\/uploads\/2025\/04\/F456DE2C-705F-4480-AB85-FED3CA773938-225x300.jpeg 225w, https:\/\/goodlifeland.com\/wp-content\/uploads\/2025\/04\/F456DE2C-705F-4480-AB85-FED3CA773938-768x1024.jpeg 768w, https:\/\/goodlifeland.com\/wp-content\/uploads\/2025\/04\/F456DE2C-705F-4480-AB85-FED3CA773938-2000x2667.jpeg 2000w\" sizes=\"auto, (max-width: 3024px) 100vw, 3024px\" \/><\/figure>\n\n\n\n<figure class=\"wp-block-image size-full\"><img loading=\"lazy\" decoding=\"async\" width=\"3024\" height=\"4032\" src=\"https:\/\/goodlifeland.com\/wp-content\/uploads\/2025\/04\/img_0588.jpg\" alt=\"\" class=\"wp-image-160\" style=\"aspect-ratio:1;object-fit:cover\" srcset=\"https:\/\/goodlifeland.com\/wp-content\/uploads\/2025\/04\/img_0588.jpg 3024w, https:\/\/goodlifeland.com\/wp-content\/uploads\/2025\/04\/img_0588-225x300.jpg 225w, https:\/\/goodlifeland.com\/wp-content\/uploads\/2025\/04\/img_0588-768x1024.jpg 768w, https:\/\/goodlifeland.com\/wp-content\/uploads\/2025\/04\/img_0588-2000x2667.jpg 2000w\" sizes=\"auto, (max-width: 3024px) 100vw, 3024px\" \/><\/figure>\n\n\n\n<figure class=\"wp-block-image size-full\"><img loading=\"lazy\" decoding=\"async\" width=\"4032\" height=\"3024\" src=\"https:\/\/goodlifeland.com\/wp-content\/uploads\/2025\/04\/CFD11011-B2E6-4082-80B2-F0A4AF4B4DAF.jpeg\" alt=\"\" class=\"wp-image-194\" style=\"aspect-ratio:1;object-fit:cover\" srcset=\"https:\/\/goodlifeland.com\/wp-content\/uploads\/2025\/04\/CFD11011-B2E6-4082-80B2-F0A4AF4B4DAF.jpeg 4032w, https:\/\/goodlifeland.com\/wp-content\/uploads\/2025\/04\/CFD11011-B2E6-4082-80B2-F0A4AF4B4DAF-300x225.jpeg 300w, https:\/\/goodlifeland.com\/wp-content\/uploads\/2025\/04\/CFD11011-B2E6-4082-80B2-F0A4AF4B4DAF-1024x768.jpeg 1024w, https:\/\/goodlifeland.com\/wp-content\/uploads\/2025\/04\/CFD11011-B2E6-4082-80B2-F0A4AF4B4DAF-2000x1500.jpeg 2000w\" sizes=\"auto, (max-width: 4032px) 100vw, 4032px\" \/><\/figure>\n\n\n\n<figure class=\"wp-block-image size-full\"><img loading=\"lazy\" decoding=\"async\" width=\"4032\" height=\"3024\" src=\"https:\/\/goodlifeland.com\/wp-content\/uploads\/2025\/04\/img_0583.jpg\" alt=\"\" class=\"wp-image-162\" style=\"aspect-ratio:1;object-fit:cover\" srcset=\"https:\/\/goodlifeland.com\/wp-content\/uploads\/2025\/04\/img_0583.jpg 4032w, https:\/\/goodlifeland.com\/wp-content\/uploads\/2025\/04\/img_0583-300x225.jpg 300w, https:\/\/goodlifeland.com\/wp-content\/uploads\/2025\/04\/img_0583-1024x768.jpg 1024w, https:\/\/goodlifeland.com\/wp-content\/uploads\/2025\/04\/img_0583-2000x1500.jpg 2000w\" sizes=\"auto, (max-width: 4032px) 100vw, 4032px\" \/><\/figure>\n\n\n\n<figure class=\"wp-block-image size-full\"><img loading=\"lazy\" decoding=\"async\" width=\"1629\" height=\"2173\" src=\"https:\/\/goodlifeland.com\/wp-content\/uploads\/2025\/04\/ca9692ea-5a18-4540-aacd-a516bcbf8b23.jpg\" alt=\"\" class=\"wp-image-169\" style=\"aspect-ratio:1;object-fit:cover\" srcset=\"https:\/\/goodlifeland.com\/wp-content\/uploads\/2025\/04\/ca9692ea-5a18-4540-aacd-a516bcbf8b23.jpg 1629w, https:\/\/goodlifeland.com\/wp-content\/uploads\/2025\/04\/ca9692ea-5a18-4540-aacd-a516bcbf8b23-225x300.jpg 225w, https:\/\/goodlifeland.com\/wp-content\/uploads\/2025\/04\/ca9692ea-5a18-4540-aacd-a516bcbf8b23-768x1024.jpg 768w\" sizes=\"auto, (max-width: 1629px) 100vw, 1629px\" \/><\/figure>\n<\/div>\n<\/div>\n<\/div>\n\n\n\n<p><\/p>\n","protected":false},"excerpt":{"rendered":"<p>Du hast eine Idee \u2013 eine vage Vorstellung oder ein klares Bild vor Augen? Doch dir fehlen die richtigen Werkzeuge, das handwerkliche Know-how oder einfach jemand, der dich auf dem Weg begleitet? Genau daf\u00fcr bin ich da. Ob ein ma\u00dfgeschneidertes M\u00f6belst\u00fcck, die Neugestaltung eines Raums oder sogar der Bau eines Tiny Houses \u2013 ich stehe &hellip; <\/p>\n<p class=\"link-more\"><a href=\"https:\/\/goodlifeland.com\/?page_id=176\" class=\"more-link\">Mehr <span class=\"screen-reader-text\">\u00fcber &#8222;Dein Projekt, unsere gemeinsame Mission&#8220; <\/span>Lesen<\/a><\/p>\n","protected":false},"author":203380839,"featured_media":131,"parent":0,"menu_order":0,"comment_status":"closed","ping_status":"closed","template":"","meta":{"footnotes":""},"class_list":["post-176","page","type-page","status-publish","has-post-thumbnail","hentry"],"jetpack_sharing_enabled":true,"featured_media_urls":{"thumbnail":["https:\/\/goodlifeland.com\/wp-content\/uploads\/2025\/04\/A75556DD-A026-4319-BF8D-58E53883451D-e1743592034147-150x150.jpeg",150,150,true],"medium":["https:\/\/goodlifeland.com\/wp-content\/uploads\/2025\/04\/A75556DD-A026-4319-BF8D-58E53883451D-e1743592034147-300x133.jpeg",300,133,true],"medium_large":["https:\/\/goodlifeland.com\/wp-content\/uploads\/2025\/04\/A75556DD-A026-4319-BF8D-58E53883451D-e1743592034147-768x340.jpeg",768,340,true],"large":["https:\/\/goodlifeland.com\/wp-content\/uploads\/2025\/04\/A75556DD-A026-4319-BF8D-58E53883451D-e1743592034147-1024x453.jpeg",950,420,true],"1536x1536":["https:\/\/goodlifeland.com\/wp-content\/uploads\/2025\/04\/A75556DD-A026-4319-BF8D-58E53883451D-e1743592034147-1536x680.jpeg",1536,680,true],"2048x2048":["https:\/\/goodlifeland.com\/wp-content\/uploads\/2025\/04\/A75556DD-A026-4319-BF8D-58E53883451D-e1743592034147-2048x907.jpeg",2048,907,true],"newspack-article-block-landscape-large":["https:\/\/goodlifeland.com\/wp-content\/uploads\/2025\/04\/A75556DD-A026-4319-BF8D-58E53883451D-e1743592034147-1200x900.jpeg",1200,900,true],"newspack-article-block-portrait-large":["https:\/\/goodlifeland.com\/wp-content\/uploads\/2025\/04\/A75556DD-A026-4319-BF8D-58E53883451D-e1743592034147-900x1200.jpeg",900,1200,true],"newspack-article-block-square-large":["https:\/\/goodlifeland.com\/wp-content\/uploads\/2025\/04\/A75556DD-A026-4319-BF8D-58E53883451D-e1743592034147-1200x1200.jpeg",1200,1200,true],"newspack-article-block-landscape-medium":["https:\/\/goodlifeland.com\/wp-content\/uploads\/2025\/04\/A75556DD-A026-4319-BF8D-58E53883451D-e1743592034147-800x600.jpeg",800,600,true],"newspack-article-block-portrait-medium":["https:\/\/goodlifeland.com\/wp-content\/uploads\/2025\/04\/A75556DD-A026-4319-BF8D-58E53883451D-e1743592034147-600x800.jpeg",600,800,true],"newspack-article-block-square-medium":["https:\/\/goodlifeland.com\/wp-content\/uploads\/2025\/04\/A75556DD-A026-4319-BF8D-58E53883451D-e1743592034147-800x800.jpeg",800,800,true],"newspack-article-block-landscape-intermediate":["https:\/\/goodlifeland.com\/wp-content\/uploads\/2025\/04\/A75556DD-A026-4319-BF8D-58E53883451D-e1743592034147-600x450.jpeg",600,450,true],"newspack-article-block-portrait-intermediate":["https:\/\/goodlifeland.com\/wp-content\/uploads\/2025\/04\/A75556DD-A026-4319-BF8D-58E53883451D-e1743592034147-450x600.jpeg",450,600,true],"newspack-article-block-square-intermediate":["https:\/\/goodlifeland.com\/wp-content\/uploads\/2025\/04\/A75556DD-A026-4319-BF8D-58E53883451D-e1743592034147-600x600.jpeg",600,600,true],"newspack-article-block-landscape-small":["https:\/\/goodlifeland.com\/wp-content\/uploads\/2025\/04\/A75556DD-A026-4319-BF8D-58E53883451D-e1743592034147-400x300.jpeg",400,300,true],"newspack-article-block-portrait-small":["https:\/\/goodlifeland.com\/wp-content\/uploads\/2025\/04\/A75556DD-A026-4319-BF8D-58E53883451D-e1743592034147-300x400.jpeg",300,400,true],"newspack-article-block-square-small":["https:\/\/goodlifeland.com\/wp-content\/uploads\/2025\/04\/A75556DD-A026-4319-BF8D-58E53883451D-e1743592034147-400x400.jpeg",400,400,true],"newspack-article-block-landscape-tiny":["https:\/\/goodlifeland.com\/wp-content\/uploads\/2025\/04\/A75556DD-A026-4319-BF8D-58E53883451D-e1743592034147-200x150.jpeg",200,150,true],"newspack-article-block-portrait-tiny":["https:\/\/goodlifeland.com\/wp-content\/uploads\/2025\/04\/A75556DD-A026-4319-BF8D-58E53883451D-e1743592034147-150x200.jpeg",150,200,true],"newspack-article-block-square-tiny":["https:\/\/goodlifeland.com\/wp-content\/uploads\/2025\/04\/A75556DD-A026-4319-BF8D-58E53883451D-e1743592034147-200x200.jpeg",200,200,true],"newspack-article-block-uncropped":["https:\/\/goodlifeland.com\/wp-content\/uploads\/2025\/04\/A75556DD-A026-4319-BF8D-58E53883451D-e1743592034147-1200x531.jpeg",1200,531,true],"inspiro-featured-image":["https:\/\/goodlifeland.com\/wp-content\/uploads\/2025\/04\/A75556DD-A026-4319-BF8D-58E53883451D-e1743592034147-2000x885.jpeg",2000,885,true],"inspiro-loop":["https:\/\/goodlifeland.com\/wp-content\/uploads\/2025\/04\/A75556DD-A026-4319-BF8D-58E53883451D-e1743592034147-950x320.jpeg",950,320,true],"inspiro-loop@2x":["https:\/\/goodlifeland.com\/wp-content\/uploads\/2025\/04\/A75556DD-A026-4319-BF8D-58E53883451D-e1743592034147-1900x640.jpeg",1900,640,true],"woocommerce_thumbnail":["https:\/\/goodlifeland.com\/wp-content\/uploads\/2025\/04\/A75556DD-A026-4319-BF8D-58E53883451D-e1743592034147-300x300.jpeg",300,300,true],"woocommerce_single":["https:\/\/goodlifeland.com\/wp-content\/uploads\/2025\/04\/A75556DD-A026-4319-BF8D-58E53883451D-e1743592034147-600x266.jpeg",600,266,true],"woocommerce_gallery_thumbnail":["https:\/\/goodlifeland.com\/wp-content\/uploads\/2025\/04\/A75556DD-A026-4319-BF8D-58E53883451D-e1743592034147-100x100.jpeg",100,100,true],"portfolio_item-thumbnail":["https:\/\/goodlifeland.com\/wp-content\/uploads\/2025\/04\/A75556DD-A026-4319-BF8D-58E53883451D-e1743592034147-600x400.jpeg",600,400,true],"portfolio_item-thumbnail@2x":["https:\/\/goodlifeland.com\/wp-content\/uploads\/2025\/04\/A75556DD-A026-4319-BF8D-58E53883451D-e1743592034147-1200x800.jpeg",1200,800,true],"portfolio_item-masonry":["https:\/\/goodlifeland.com\/wp-content\/uploads\/2025\/04\/A75556DD-A026-4319-BF8D-58E53883451D-e1743592034147-600x266.jpeg",600,266,true],"portfolio_item-masonry@2x":["https:\/\/goodlifeland.com\/wp-content\/uploads\/2025\/04\/A75556DD-A026-4319-BF8D-58E53883451D-e1743592034147-1200x531.jpeg",1200,531,true],"portfolio_item-thumbnail_cinema":["https:\/\/goodlifeland.com\/wp-content\/uploads\/2025\/04\/A75556DD-A026-4319-BF8D-58E53883451D-e1743592034147-800x335.jpeg",800,335,true],"portfolio_item-thumbnail_portrait":["https:\/\/goodlifeland.com\/wp-content\/uploads\/2025\/04\/A75556DD-A026-4319-BF8D-58E53883451D-e1743592034147-600x900.jpeg",600,900,true],"portfolio_item-thumbnail_portrait@2x":["https:\/\/goodlifeland.com\/wp-content\/uploads\/2025\/04\/A75556DD-A026-4319-BF8D-58E53883451D-e1743592034147-1200x1765.jpeg",1200,1765,true],"portfolio_item-thumbnail_square":["https:\/\/goodlifeland.com\/wp-content\/uploads\/2025\/04\/A75556DD-A026-4319-BF8D-58E53883451D-e1743592034147-800x800.jpeg",800,800,true]},"_links":{"self":[{"href":"https:\/\/goodlifeland.com\/index.php?rest_route=\/wp\/v2\/pages\/176","targetHints":{"allow":["GET"]}}],"collection":[{"href":"https:\/\/goodlifeland.com\/index.php?rest_route=\/wp\/v2\/pages"}],"about":[{"href":"https:\/\/goodlifeland.com\/index.php?rest_route=\/wp\/v2\/types\/page"}],"author":[{"embeddable":true,"href":"https:\/\/goodlifeland.com\/index.php?rest_route=\/wp\/v2\/users\/203380839"}],"replies":[{"embeddable":true,"href":"https:\/\/goodlifeland.com\/index.php?rest_route=%2Fwp%2Fv2%2Fcomments&post=176"}],"version-history":[{"count":26,"href":"https:\/\/goodlifeland.com\/index.php?rest_route=\/wp\/v2\/pages\/176\/revisions"}],"predecessor-version":[{"id":488,"href":"https:\/\/goodlifeland.com\/index.php?rest_route=\/wp\/v2\/pages\/176\/revisions\/488"}],"wp:featuredmedia":[{"embeddable":true,"href":"https:\/\/goodlifeland.com\/index.php?rest_route=\/wp\/v2\/media\/131"}],"wp:attachment":[{"href":"https:\/\/goodlifeland.com\/index.php?rest_route=%2Fwp%2Fv2%2Fmedia&parent=176"}],"curies":[{"name":"wp","href":"https:\/\/api.w.org\/{rel}","templated":true}]}}